{"id":99,"date":"2020-12-04T09:44:47","date_gmt":"2020-12-04T08:44:47","guid":{"rendered":"https:\/\/www.fibu.bayern\/?page_id=99"},"modified":"2021-06-09T16:24:14","modified_gmt":"2021-06-09T14:24:14","slug":"testseite_baer","status":"publish","type":"page","link":"https:\/\/www.fibu.bayern\/index.php\/testseite_baer\/","title":{"rendered":"Testseite"},"content":{"rendered":"\n<p>Steuerkanzlei Horst Schmidt<br>Pillenreuther Str. 14<br>90459 N\u00fcrnberg<\/p>\n\n\n\n<html>\n\t<head>\n\n\t<link rel='preconnect' href='\/\/a.tile.openstreetmap.de' crossorigin \/>\n\t<link rel='preconnect' href='\/\/b.tile.openstreetmap.de' crossorigin \/>\n\t<link rel='preconnect' href='\/\/c.tile.openstreetmap.de' crossorigin \/>\n\n<section  class=\"block-contact section-content has-background bg-light\">\n\t<div class=\"section-content container\">\n\t<div class=\"row justify-content-center\">\n\t<div class=\"col-12\">\n\t<div class=\"contact-map position-relative z-index-reset border-bottom border-lg border-primary mb-4\">\n\t<div id=\"leaflet-map-5fea98b1507b6\" \ndata-type=\"map\" \ndata-gesture-handler=\"1\" \ndata-gesture-messages='{\"duration\":1000,\"text\":{\"touch\":\"Use two fingers to move the map\",\"scroll\":\"Use ctrl + scroll to zoom the map\",\"scrollMac\":\"Use &#8984; + scroll to zoom the map\"}}' \ndata-center='{\"lat\":49.44265,\"lng\":11.081}' \ndata-zoom=\"15\" \ndata-markers='[{\"type\":\"image\",\"lat\":49.44265,\"lng\":11.081,\"icon\":\"{\\\"iconUrl\\\":\\\"https:\\\\\\\/\\\\\\\/site.canvayo.com\\\\\\\/content\\\\\\\/plugins\\\\\\\/leaflet-php\\\\\\\/src\\\\\\\/..\\\\\\\/dist\\\\\\\/img\\\\\\\/marker.png\\\",\\\"iconSize\\\":[36,44],\\\"iconAnchor\\\":[18,44],\\\"popupAnchor\\\":[9,-39.6],\\\"shadowUrl\\\":\\\"\\\",\\\"shadowSize\\\":[],\\\"shadowAnchor\\\":[]}\",\"tooltip\":\"Pillenreuther Stra\\u00dfe 14, 90459 N\\u00fcrnberg, Deutschland\",\"permanent\":false}]' \ndata-cluster=\"\" \ndata-gpx=\"\" \ndata-connection=\"[]\" \ndata-geolocation=\"\" \ndata-cluster-styling-small='{\"border-color\":\"unset\",\"background-color\":\"\",\"font-size\":\"\",\"font-weight\":\"\",\"font-family\":\"\",\"color\":\"\",\"width\":\"30px\",\"height\":\"30px\"}' \ndata-cluster-styling-medium='{\"border-color\":\"unset\",\"background-color\":\"\",\"font-size\":\"\",\"font-weight\":\"\",\"font-family\":\"\",\"color\":\"\",\"width\":\"30px\",\"height\":\"30px\"}' \ndata-cluster-styling-large='{\"border-color\":\"unset\",\"background-color\":\"\",\"font-size\":\"\",\"font-weight\":\"\",\"font-family\":\"\",\"color\":\"\",\"width\":\"30px\",\"height\":\"30px\"}' \nstyle=\"width: 100%; height: 240px;\">\n\t<\/div>\n\t<\/div>\n\t<\/div>\n\t<\/div>\n\t<\/div>\n<\/section>\n\n\t<\/head>\n\n\t<link rel='stylesheet' id='leaflet-php-css'  href='https:\/\/site.canvayo.com\/content\/plugins\/leaflet-php\/dist\/leaflet.bundle.css' type='text\/css' media='all' \/>\n\t<script type='text\/javascript' src='https:\/\/dist.canvayo.com\/v1.23.2\/app.bundle.js?ver=1.23.2'><\/script>\n\t<script type='text\/javascript' src='https:\/\/site.canvayo.com\/content\/plugins\/leaflet-php\/dist\/leaflet.bundle.js'><\/script>\n\n<\/html>\n\n\n\n<p><br><br><\/p>\n\n\n\n<p class=\"has-text-align-center\" style=\"font-size:22px\"><strong><span style=\"text-decoration: underline;\"><span class=\"has-inline-color has-vivid-purple-color\"><em>\u00dcberschrift<\/em><\/span><\/span><\/strong><\/p>\n\n\n\n<div class=\"wp-block-file\"><a href=\"https:\/\/www.fibu.bayern\/wp-content\/uploads\/2020\/12\/Startseite-FIBU-Bayern-Test-1.html\">Startseite-FIBU-Bayern-Test-1<\/a><\/div>\n\n\n\n<p><br><strong>Link<\/strong> (gleicher Tab):<br><a href=\"http:\/\/kanzlei-schmidt.de\"><span class=\"has-inline-color has-vivid-cyan-blue-color\">www.kanzlei-schmidt.de<\/span><\/a><\/p>\n\n\n\n<p><strong>Link<\/strong> (neuer Tab):<br><a rel=\"noreferrer noopener\" href=\"http:\/\/kanzlei-schmidt.de\/\" target=\"_blank\"><span class=\"has-inline-color has-pale-cyan-blue-color\">www.kanzlei-schmidt.de<\/span><\/a><\/p>\n\n\n\n<p>Link (innerhalb der Website, gleicher Tab):<br><a href=\"https:\/\/www.fibu.bayern\/index.php\/impressum\/\"><span class=\"has-inline-color has-light-green-cyan-color\">Kontakt \u2013 FIBU<\/span><\/a><\/p>\n\n\n\n<p>Man kann jedem Link (http&#8230;) einen eigenen Namen geben und ihn auch innerhalb eines <strong><a rel=\"noreferrer noopener\" href=\"https:\/\/de.wikipedia.org\/wiki\/Text#:~:text=Text%20%28lateinisch%20texere%20%E2%80%9Aweben%E2%80%98%2C%20%E2%80%9Aflechten%E2%80%98%29%20bezeichnet%20im%20nichtwissenschaftlichen,eines%20Liedes%2C%20Films%20oder%20einer%20improvisierten%20Theater%20%C2%ADauff%C3%BChrung%29.\" data-type=\"URL\" data-id=\"https:\/\/de.wikipedia.org\/wiki\/Text#:~:text=Text%20%28lateinisch%20texere%20%E2%80%9Aweben%E2%80%98%2C%20%E2%80%9Aflechten%E2%80%98%29%20bezeichnet%20im%20nichtwissenschaftlichen,eines%20Liedes%2C%20Films%20oder%20einer%20improvisierten%20Theater%20%C2%ADauff%C3%BChrung%29.\" target=\"_blank\"><span class=\"has-inline-color has-vivid-green-cyan-color\">Textes<\/span><\/a><\/strong> platzieren.<\/p>\n\n\n\n<p><\/p>\n\n\n\n<p>Man kann Auflistungen mit Punkten oder mit Zahlen versehen:<\/p>\n\n\n\n<ul><li>Information 1<\/li><li>Information 2<\/li><li>Information 3<\/li><\/ul>\n\n\n\n<p>Uns so gehen Sie vor:<\/p>\n\n\n\n<ol><li>Schritt 1<\/li><li>Schritt 2<\/li><li>Schritt 3<\/li><\/ol>\n\n\n<hr>\n<hr>\n\n\n<p>Dateien zum Downloaden:<\/p>\n\n\n\n<div class=\"wp-block-file\"><a href=\"https:\/\/www.fibu.bayern\/wp-content\/uploads\/2020\/12\/Download-Word.docx\">Download-Word<\/a><a href=\"https:\/\/www.fibu.bayern\/wp-content\/uploads\/2020\/12\/Download-Word.docx\" class=\"wp-block-file__button\" download>Herunterladen<\/a><\/div>\n\n\n\n<div class=\"wp-block-file\"><a href=\"https:\/\/www.fibu.bayern\/wp-content\/uploads\/2020\/12\/Download-PDF.pdf\">Download-PDF<\/a><a href=\"https:\/\/www.fibu.bayern\/wp-content\/uploads\/2020\/12\/Download-PDF.pdf\" class=\"wp-block-file__button\" download>Herunterladen<\/a><\/div>\n\n\n\n<p>Die Datei &#8222;Download-Word&#8220; (generell Word-Dateien) l\u00e4sst sich ganz normal \u00f6ffnen.<br>Die Datei &#8222;Download-PDF&#8220; (generell PDF-Dateien) l\u00e4sst sich &#8211; warum auch immer &#8211; nicht \u00f6ffnen (zumindest nicht bei mir). Es wird immer nur wieder diese Webseite ge\u00f6ffnet, aber nicht die PDF-Datei. Ich hab da ganz viel rumprobiert (auch mit HTML), es aber noch nicht hinbekommen.<\/p>\n\n\n\n<p>Mithilfe von HTML l\u00e4sst sich die Vorgabe mit den 2 Download-Links (Text verlinkt und Button verlinkt) ver\u00e4ndern.<br>[Man braucht nicht 2 identische Download-Links nebeneinander.]<br>So kann man alleinestehend den Textlink oder den Buttonlink darstellen.<\/p>\n\n\n\n<div class=\"wp-block-file\"><a href=\"https:\/\/www.fibu.bayern\/wp-content\/uploads\/2020\/12\/Download-Word.docx\" download=\"\">Word-Datei herunterladen<\/a><\/div>\n\n\n\n<div class=\"wp-block-file\"><a href=\"https:\/\/www.fibu.bayern\/wp-content\/uploads\/2020\/12\/Download-Word.docx\" class=\"wp-block-file__button\" download=\"\">Word-Datei herunterladen<\/a><\/div>\n\n\n\n<p>Als praktischen Nutzen von downloadbaren Dokumenten kann ich mir Leerdokumente (Vorlagen) vorstellen, die der Mandant ausdrucken kann und dann ausgef\u00fcllt und unterschrieben an die Kanzlei schickt. So k\u00f6nnten Vorg\u00e4nge beschleunigt und Porto eingespart werden.<br><br>Leider funktioniert der Download bislang (bei mir) nur mit Word-Dateien. Aber grunds\u00e4tzlich m\u00fcsste das auch mit PDF-Dateien funktionieren. Immerhin sind Downloads \u00fcberhaupt m\u00f6glich und die Einstellung eines Download-Links auf eine Webseite ist sehr einfach.<\/p>\n\n\n\n<p>Auch denkbar ist, dass Word-Dateien vom Mandanten digital ausgef\u00fcllt und an die Kanzlei per E-Mail zugeschickt werden (gerade wenn keine Unterschrift erforderlich ist, z. B. bei Datenabfragen).<br><br>[pers\u00f6nliche Anmerkung: Ich habe das auch schon so gehandhabt, dass ich meine eigene Unterschrift abfotografiert und dann einfach unter Dokumente digital einkopiert habe (gerade wenn die Unterschrift nur deklaratorisch ist).<br>So habe ich beispielsweise die Bewerbungen, die ich per E-Mail verschickt habe, auf diese Weise unterschrieben.]<\/p>\n\n\n\n<p><\/p>\n\n\n\n<div style=\"background-color:green\">Mit HTML kann man auch Abs\u00e4tze und <span style=\"background-color:red\">einzelne W\u00f6rter<\/span> farbig hinterlegen.<br>\nDabei lassen sich alle m\u00f6glichen Farben verwenden. Die Farbe <span style=\"background-color:yellow\">Gelb<\/span> ist nicht geeignet.<\/div>\n<div style=\"background-color:blue\">Einen praktischen Nutzen sehe ich darin, dass man in l\u00e4ngeren Texten wichtige Inhalte oder Neuerungen hervorheben kann.<\/div>\n\n\n\n<p><br><br><span style=\"text-decoration: underline;\"><em>eingef\u00fcgtes Bild (Ars Electronica Center in Linz)<\/em><\/span><br>Eingef\u00fcgte Bilder lassen sich auch verlinken (wie hier).<\/p>\n\n\n\n<div class=\"wp-block-image is-style-default\"><figure class=\"aligncenter size-large\"><a href=\"https:\/\/ars.electronica.art\/news\/de\/\" target=\"_blank\" rel=\"noopener noreferrer\"><img loading=\"lazy\" width=\"1000\" height=\"600\" src=\"https:\/\/www.fibu.bayern\/wp-content\/uploads\/2020\/12\/AEC-Linz.jpg\" alt=\"\" class=\"wp-image-223\" srcset=\"https:\/\/www.fibu.bayern\/wp-content\/uploads\/2020\/12\/AEC-Linz.jpg 1000w, https:\/\/www.fibu.bayern\/wp-content\/uploads\/2020\/12\/AEC-Linz-300x180.jpg 300w, https:\/\/www.fibu.bayern\/wp-content\/uploads\/2020\/12\/AEC-Linz-768x461.jpg 768w\" sizes=\"(max-width: 706px) 89vw, (max-width: 767px) 82vw, 740px\" \/><\/a><figcaption>Unter einem Bild kann man die Bildzeile mit einer Beschriftung versehen.<\/figcaption><\/figure><\/div>\n\n\n\n<p><\/p>\n\n\n\n<p><\/p>\n\n\n\n<p>Tabellen wird man wohl eher selten verwenden. Dennoch wollte ich mal testen, welche Gestaltungsm\u00f6glichkeiten man hat. Sie sind ziemlich begrenzt.<br>Da ist es besser, eine Tabelle in Excel oder Word zu erstellen und dann als Bilddatei einzuf\u00fcgen.<\/p>\n\n\n\n<figure class=\"wp-block-table alignleft is-style-regular\"><table><tbody><tr><td class=\"has-text-align-center\" data-align=\"center\"><strong><em>Konto<\/em><\/strong><\/td><td class=\"has-text-align-center\" data-align=\"center\"><strong>Soll<\/strong><\/td><td class=\"has-text-align-center\" data-align=\"center\"><strong>Haben<\/strong><\/td><\/tr><tr><td class=\"has-text-align-center\" data-align=\"center\"><em>5200<\/em><\/td><td class=\"has-text-align-center\" data-align=\"center\">1.000 \u20ac<\/td><td class=\"has-text-align-center\" data-align=\"center\"><\/td><\/tr><tr><td class=\"has-text-align-center\" data-align=\"center\"><em>1400<\/em><\/td><td class=\"has-text-align-center\" data-align=\"center\">190 \u20ac<\/td><td class=\"has-text-align-center\" data-align=\"center\"><\/td><\/tr><tr><td class=\"has-text-align-center\" data-align=\"center\"><em>3310<\/em><\/td><td class=\"has-text-align-center\" data-align=\"center\"><\/td><td class=\"has-text-align-center\" data-align=\"center\">1.190 \u20ac<\/td><\/tr><\/tbody><\/table><figcaption>Einkauf von Handelswaren<\/figcaption><\/figure>\n\n\n\n<p><br><br><br><br><br><br><br><br><\/p>\n\n\n\n<p><br><br>Soweit meine Seitengestaltung. In WordPress gibt es noch mehr wichtige Funktionen (z. B. die Men\u00fcgestaltung, Einbettung von den erstellten Seiten), auf die ich allerdings keinen Zugriff habe.<\/p>\n\n\n\n<p>Was mir beim Herunterscrollen auf der Seite ins Auge f\u00e4llt, sind die farbig hinterlegten Zeilen. Die will ich (als neutraler Besucher) immer zuerst lesen. Vielleicht ein guter Gedanke f\u00fcr die zuk\u00fcnftige Gestaltung bei l\u00e4ngeren Texten.<\/p>\n","protected":false},"excerpt":{"rendered":"<p>Steuerkanzlei Horst SchmidtPillenreuther Str. 1490459 N\u00fcrnberg \u00dcberschrift Startseite-FIBU-Bayern-Test-1 Link (gleicher Tab):www.kanzlei-schmidt.de Link (neuer Tab):www.kanzlei-schmidt.de Link (innerhalb der Website, gleicher Tab):Kontakt \u2013 FIBU Man kann jedem Link (http&#8230;) einen eigenen Namen geben und ihn auch innerhalb eines Textes platzieren. Man kann Auflistungen mit Punkten oder mit Zahlen versehen: Information 1 Information 2 Information 3 Uns so &hellip; <\/p>\n<p class=\"link-more\"><a href=\"https:\/\/www.fibu.bayern\/index.php\/testseite_baer\/\" class=\"more-link\"><span class=\"screen-reader-text\">\u201eTestseite\u201c<\/span> weiterlesen<\/a><\/p>\n","protected":false},"author":3,"featured_media":0,"parent":0,"menu_order":0,"comment_status":"closed","ping_status":"closed","template":"","meta":{"spay_email":""},"_links":{"self":[{"href":"https:\/\/www.fibu.bayern\/index.php\/wp-json\/wp\/v2\/pages\/99"}],"collection":[{"href":"https:\/\/www.fibu.bayern\/index.php\/wp-json\/wp\/v2\/pages"}],"about":[{"href":"https:\/\/www.fibu.bayern\/index.php\/wp-json\/wp\/v2\/types\/page"}],"author":[{"embeddable":true,"href":"https:\/\/www.fibu.bayern\/index.php\/wp-json\/wp\/v2\/users\/3"}],"replies":[{"embeddable":true,"href":"https:\/\/www.fibu.bayern\/index.php\/wp-json\/wp\/v2\/comments?post=99"}],"version-history":[{"count":122,"href":"https:\/\/www.fibu.bayern\/index.php\/wp-json\/wp\/v2\/pages\/99\/revisions"}],"predecessor-version":[{"id":465,"href":"https:\/\/www.fibu.bayern\/index.php\/wp-json\/wp\/v2\/pages\/99\/revisions\/465"}],"wp:attachment":[{"href":"https:\/\/www.fibu.bayern\/index.php\/wp-json\/wp\/v2\/media?parent=99"}],"curies":[{"name":"wp","href":"https:\/\/api.w.org\/{rel}","templated":true}]}}