{"id":507,"date":"2021-07-04T22:56:00","date_gmt":"2021-07-04T20:56:00","guid":{"rendered":"https:\/\/www.fibu.bayern\/?page_id=507"},"modified":"2021-08-17T13:39:15","modified_gmt":"2021-08-17T11:39:15","slug":"bitte-nicht-aendern-herr-baer","status":"publish","type":"page","link":"https:\/\/www.fibu.bayern\/index.php\/bitte-nicht-aendern-herr-baer\/","title":{"rendered":"Bitte nicht \u00e4ndern, Herr B\u00e4r (startseite)"},"content":{"rendered":"\n<p>nichts bleibt wie es ist &#8211; einzig das unsere Welt sich st\u00e4ndig \u00e4ndert<\/p>\n\n\n\n<p>Hallo und herzlich wilkommen!<\/p>\n\n\n\n<p>Das Thema Digitalisierung betrifft bereits heute schon sehr viele Bereiche. So auch in der Finanzbuchhaltung: hier k\u00f6nnen die Prozesse durch &#8222;Unternehmen online&#8220; erleichtert und verbessert werden. Horst Schmidt und seine Mitarbeiter begleiten Sie durch den Wandel der Zeit! Durch die bereits existierende Erfahrung mit der digitalen Finanzbuchhaltung werden Sie optimal betreut. Um es anders auszudr\u00fccken: Horst Schmidt und seine Mitarbeiter &#8222;rocken&#8220; Ihre digitale Finanzbuchhaltung!<\/p>\n\n\n\n<p>Die Kanzlei Schmidt f\u00fcr Steuern, Wirtschaftspr\u00fcfung, Betriebswirtschaft sowie Finanz- und Verm\u00f6gensberatung ist Ihr kompetenter Ansprechpartner, um mit der Zeit zu gehen.<\/p>\n\n\n\n<p>Vorteile von &#8222;Unternehmen online&#8220; im \u00dcberblick:<\/p>\n\n\n\n<figure class=\"wp-block-image size-large is-resized\"><img loading=\"lazy\" src=\"https:\/\/www.fibu.bayern\/wp-content\/uploads\/2021\/05\/Icons-1i-icons-2.png\" alt=\"\" class=\"wp-image-287\" width=\"522\" height=\"996\" srcset=\"https:\/\/www.fibu.bayern\/wp-content\/uploads\/2021\/05\/Icons-1i-icons-2.png 522w, https:\/\/www.fibu.bayern\/wp-content\/uploads\/2021\/05\/Icons-1i-icons-2-157x300.png 157w\" sizes=\"(max-width: 522px) 100vw, 522px\" \/><\/figure>\n\n\n\n<p><em>wichtige Links:<\/em><\/p>\n","protected":false},"excerpt":{"rendered":"<p>nichts bleibt wie es ist &#8211; einzig das unsere Welt sich st\u00e4ndig \u00e4ndert Hallo und herzlich wilkommen! Das Thema Digitalisierung betrifft bereits heute schon sehr viele Bereiche. So auch in der Finanzbuchhaltung: hier k\u00f6nnen die Prozesse durch &#8222;Unternehmen online&#8220; erleichtert und verbessert werden. Horst Schmidt und seine Mitarbeiter begleiten Sie durch den Wandel der Zeit! &hellip; <\/p>\n<p class=\"link-more\"><a href=\"https:\/\/www.fibu.bayern\/index.php\/bitte-nicht-aendern-herr-baer\/\" class=\"more-link\"><span class=\"screen-reader-text\">\u201eBitte nicht \u00e4ndern, Herr B\u00e4r (startseite)\u201c<\/span> weiterlesen<\/a><\/p>\n","protected":false},"author":2,"featured_media":0,"parent":0,"menu_order":0,"comment_status":"closed","ping_status":"closed","template":"","meta":{"spay_email":""},"_links":{"self":[{"href":"https:\/\/www.fibu.bayern\/index.php\/wp-json\/wp\/v2\/pages\/507"}],"collection":[{"href":"https:\/\/www.fibu.bayern\/index.php\/wp-json\/wp\/v2\/pages"}],"about":[{"href":"https:\/\/www.fibu.bayern\/index.php\/wp-json\/wp\/v2\/types\/page"}],"author":[{"embeddable":true,"href":"https:\/\/www.fibu.bayern\/index.php\/wp-json\/wp\/v2\/users\/2"}],"replies":[{"embeddable":true,"href":"https:\/\/www.fibu.bayern\/index.php\/wp-json\/wp\/v2\/comments?post=507"}],"version-history":[{"count":5,"href":"https:\/\/www.fibu.bayern\/index.php\/wp-json\/wp\/v2\/pages\/507\/revisions"}],"predecessor-version":[{"id":644,"href":"https:\/\/www.fibu.bayern\/index.php\/wp-json\/wp\/v2\/pages\/507\/revisions\/644"}],"wp:attachment":[{"href":"https:\/\/www.fibu.bayern\/index.php\/wp-json\/wp\/v2\/media?parent=507"}],"curies":[{"name":"wp","href":"https:\/\/api.w.org\/{rel}","templated":true}]}}