{"id":37,"date":"2020-10-10T13:51:14","date_gmt":"2020-10-10T11:51:14","guid":{"rendered":"http:\/\/www.fibu.bayern\/?page_id=37"},"modified":"2020-10-10T13:51:14","modified_gmt":"2020-10-10T11:51:14","slug":"kassennachschau","status":"publish","type":"page","link":"https:\/\/www.fibu.bayern\/index.php\/kassennachschau\/","title":{"rendered":"Kassennachschau"},"content":{"rendered":"\n<p class=\"has-accent-color has-text-color has-large-font-size\">jederzeit &#8211; ohne Vorank\u00fcndigung &#8211; existenzbedrohend<\/p>\n\n\n\n<p>Die Pr\u00fcfer des Finanzamts kommen unangemeldet. Die Folgen einer nicht ordnungsgem\u00e4\u00df gef\u00fchrten Kasse sind oft dramatisch, wenn nicht sogar exsistenzbedrohend.<\/p>\n\n\n\n<p>Der KASSENCHECK der Kanzlei Schmidt gibt Ihnen eine Aussage dar\u00fcber, ob Sie Angst haben m\u00fcssen oder ruhig schlafen k\u00f6nnen.<\/p>\n\n\n\n<p>F\u00fcr weitere Informationen k\u00f6nnen Sie sich gerne telefonisch melden!<\/p>\n","protected":false},"excerpt":{"rendered":"<p>jederzeit &#8211; ohne Vorank\u00fcndigung &#8211; existenzbedrohend Die Pr\u00fcfer des Finanzamts kommen unangemeldet. Die Folgen einer nicht ordnungsgem\u00e4\u00df gef\u00fchrten Kasse sind oft dramatisch, wenn nicht sogar exsistenzbedrohend. Der KASSENCHECK der Kanzlei Schmidt gibt Ihnen eine Aussage dar\u00fcber, ob Sie Angst haben m\u00fcssen oder ruhig schlafen k\u00f6nnen. F\u00fcr weitere Informationen k\u00f6nnen Sie sich gerne telefonisch melden!<\/p>\n","protected":false},"author":2,"featured_media":0,"parent":0,"menu_order":0,"comment_status":"closed","ping_status":"closed","template":"","meta":{"spay_email":""},"_links":{"self":[{"href":"https:\/\/www.fibu.bayern\/index.php\/wp-json\/wp\/v2\/pages\/37"}],"collection":[{"href":"https:\/\/www.fibu.bayern\/index.php\/wp-json\/wp\/v2\/pages"}],"about":[{"href":"https:\/\/www.fibu.bayern\/index.php\/wp-json\/wp\/v2\/types\/page"}],"author":[{"embeddable":true,"href":"https:\/\/www.fibu.bayern\/index.php\/wp-json\/wp\/v2\/users\/2"}],"replies":[{"embeddable":true,"href":"https:\/\/www.fibu.bayern\/index.php\/wp-json\/wp\/v2\/comments?post=37"}],"version-history":[{"count":3,"href":"https:\/\/www.fibu.bayern\/index.php\/wp-json\/wp\/v2\/pages\/37\/revisions"}],"predecessor-version":[{"id":43,"href":"https:\/\/www.fibu.bayern\/index.php\/wp-json\/wp\/v2\/pages\/37\/revisions\/43"}],"wp:attachment":[{"href":"https:\/\/www.fibu.bayern\/index.php\/wp-json\/wp\/v2\/media?parent=37"}],"curies":[{"name":"wp","href":"https:\/\/api.w.org\/{rel}","templated":true}]}}