{"id":30,"date":"2020-10-06T22:52:12","date_gmt":"2020-10-06T20:52:12","guid":{"rendered":"http:\/\/www.fibu.bayern\/?page_id=30"},"modified":"2020-10-06T22:52:12","modified_gmt":"2020-10-06T20:52:12","slug":"impressum-2","status":"publish","type":"page","link":"https:\/\/www.fibu.bayern\/index.php\/impressum-2\/","title":{"rendered":"Impressum"},"content":{"rendered":"\n<p>vBP\/StB Horst Schmidt<br>Diplom-Betriebswirt (FH)<br>Pillenreuther Str. 14 &#8211; Am Hauptbahnhof<br>90459 N\u00fcrnberg Germany<br>+49 (0)911 70 40 95 0 Telefon<br>+49 (0)160 22 28 88 8 Mobil<br>+49 (0)911 70 40 95 90 Telefax<br><br>USt-ID-Nummer: DE 185489496<br><br>Die gesetzlichen Berufsbezeichnungen <strong>vereidigter Buchpr\u00fcfer<\/strong> \u2013 <strong>Steuerberater<\/strong> \u2013 wurden in der Bundesrepublik Deutschland verliehen.<br><br>Der <strong>Berufsstand der vereidigten Buchpr\u00fcfer<\/strong> unterliegt im wesentlichen folgenden berufsrechtlichen Regelungen:<br>* Wirtschaftspr\u00fcferordnung (WPO)<br>* Berufssatzung f\u00fcr Wirtschaftspr\u00fcfer\/vereidigte Buchpr\u00fcfer (BS WP\/vBP)<br>* Satzung f\u00fcr Qualit\u00e4tskontrolle<br>* Siegelverordnung<br>* Wirtschaftspr\u00fcfer-Berufshaftpflichtversicherungsordnung.<br><br>Die vorstehenden berufsrechtlichen Regelungen sind auf der Homepage der Wirtschaftspr\u00fcferkammer <a href=\"http:\/\/www.wpk.de\/home\/home.asp\" target=\"_blank\" rel=\"noreferrer noopener\">http:\/\/www.wpk.de<\/a> in der jeweils aktuellen Fassung zug\u00e4nglich.<br><br>Der <strong>Berufsstand der Steuerberater<\/strong> unterliegt im wesentlichen folgenden gesetzlichen Regelungen:<br>* Steuerberatungsgesetz (StBerG)<br>* Durchf\u00fchrungsverordnung (DVStB)<br>* Berufsordnung der Bundessteuerberaterkammer<br>* Steuerberatergeb\u00fchrenverordnung (StBGebV)<br><br>Die vorstehenden berufsrechtlichen Regelungen sind auf der Homepage der Bundessteuerberaterkammer <a href=\"http:\/\/www.bundessteuerberaterkammer.de\" target=\"_blank\" rel=\"noreferrer noopener\">http:\/\/www.bundessteuerberaterkammer.de<\/a> in der jeweils aktuellen Fassung zug\u00e4nglich.<br><br>F\u00fcr die Berufsaufsicht sind die nachfolgend benannten Aufsichtsbeh\u00f6rden, in denen zugleich Mitgliedschaft besteht, zust\u00e4ndig:<br><br><em>Steuerberaterkammer N\u00fcrnberg<br>Karolinenstrasse 28<br>90402 N\u00fcrnberg<br><br>Wirtschaftspr\u00fcferkammer<br>Rauchstr. 26<br>10787 Berlin<br><br><\/em>Weitere Angaben gem\u00e4\u00df Dienstleistungs-Informationspflichten-Verordnung:<br>&#8211; Einzelunternehmen<br>&#8211; Allgemeine Gesch\u00e4ftsbedingungen<br>&#8211; Es gilt deutsches Recht mit dem Gerichtsstand in N\u00fcrnberg<br>&#8211; Die Berufshaftpflichtversicherung besteht bei der Bayerischen Versicherungskammer; der r\u00e4umliche Geltungsbereich des Versicherungsschutzes gen\u00fcgt mindestens den Anforderungen des \u00a7 67 StBerG.<br>&#8211; Bei Interessenskonflikten erfolgt die Betreuung durch unterschiedliche Berufstr\u00e4ger.<br>&#8211; Auf Antrag vermittelt die Steuerberaterkammer N\u00fcrnberg bei Streitigkeiten (\u00a7 76 Abs. 2. Nr. 3 StBerG).<br><br><br>Die Angaben auf diesen Internetseiten sind \u00fcberpr\u00fcft. Ungeachtet dessen wird keine Garantie f\u00fcr Vollst\u00e4ndigkeit, Richtigkeit und letzte Aktualit\u00e4t der Informationen \u00fcbernommen. Die hier vorgetragenen Rechtsauffassungen und Hinweise erfolgen nicht im Rahmen eines Mandantenverh\u00e4ltnisses und begr\u00fcnden keinerlei Haftungsanspr\u00fcche.<br><br>Es wird erkl\u00e4rt, dass zum Zeitpunkt der Setzung eines Querverweises (\u201eHyperlink\u201c) zu einer anderen Internet-Seite diese frei von illegalen Inhalten war. Der Anbieter zeichnet nicht verantwortlich f\u00fcr Inhalt und Gestaltung der verkn\u00fcpften Internet-Seiten und macht sich deren Inhalt und Gestaltung nicht zu eigen. Der Anbieter ist nicht verpflichtet, einmal gelinkte Inhalte laufend auf Ver\u00e4nderungen zu \u00fcberpr\u00fcfen, welche eine Verantwortlichkeit des Anbieters begr\u00fcnden k\u00f6nnten. Der Anbieter distanziert sich ausdr\u00fccklich von m\u00f6glichen sp\u00e4ter aufgenommenen illegalen Inhalten der verkn\u00fcpften Seiten. F\u00fcr illegale, fehlerhafte oder unvollst\u00e4ndige Inhalte haftet allein der Anbieter der Internet-Seite, auf die verwiesen wurde.<\/p>\n\n\n\n<figure class=\"wp-block-image\"><a href=\"http:\/\/www.kanzlei-schmidt.de\/kontakt.html\"><img src=\"http:\/\/www.kanzlei-schmidt.de\/images\/pprv.gif\" alt=\"\"\/><\/a><\/figure>\n","protected":false},"excerpt":{"rendered":"<p>vBP\/StB Horst SchmidtDiplom-Betriebswirt (FH)Pillenreuther Str. 14 &#8211; Am Hauptbahnhof90459 N\u00fcrnberg Germany+49 (0)911 70 40 95 0 Telefon+49 (0)160 22 28 88 8 Mobil+49 (0)911 70 40 95 90 Telefax USt-ID-Nummer: DE 185489496 Die gesetzlichen Berufsbezeichnungen vereidigter Buchpr\u00fcfer \u2013 Steuerberater \u2013 wurden in der Bundesrepublik Deutschland verliehen. Der Berufsstand der vereidigten Buchpr\u00fcfer unterliegt im wesentlichen folgenden &hellip; <\/p>\n<p class=\"link-more\"><a href=\"https:\/\/www.fibu.bayern\/index.php\/impressum-2\/\" class=\"more-link\"><span class=\"screen-reader-text\">\u201eImpressum\u201c<\/span> weiterlesen<\/a><\/p>\n","protected":false},"author":2,"featured_media":0,"parent":0,"menu_order":0,"comment_status":"closed","ping_status":"closed","template":"","meta":{"spay_email":""},"_links":{"self":[{"href":"https:\/\/www.fibu.bayern\/index.php\/wp-json\/wp\/v2\/pages\/30"}],"collection":[{"href":"https:\/\/www.fibu.bayern\/index.php\/wp-json\/wp\/v2\/pages"}],"about":[{"href":"https:\/\/www.fibu.bayern\/index.php\/wp-json\/wp\/v2\/types\/page"}],"author":[{"embeddable":true,"href":"https:\/\/www.fibu.bayern\/index.php\/wp-json\/wp\/v2\/users\/2"}],"replies":[{"embeddable":true,"href":"https:\/\/www.fibu.bayern\/index.php\/wp-json\/wp\/v2\/comments?post=30"}],"version-history":[{"count":1,"href":"https:\/\/www.fibu.bayern\/index.php\/wp-json\/wp\/v2\/pages\/30\/revisions"}],"predecessor-version":[{"id":31,"href":"https:\/\/www.fibu.bayern\/index.php\/wp-json\/wp\/v2\/pages\/30\/revisions\/31"}],"wp:attachment":[{"href":"https:\/\/www.fibu.bayern\/index.php\/wp-json\/wp\/v2\/media?parent=30"}],"curies":[{"name":"wp","href":"https:\/\/api.w.org\/{rel}","templated":true}]}}